{"id":1255,"date":"2018-10-19T13:36:14","date_gmt":"2018-10-19T13:36:14","guid":{"rendered":"https:\/\/indocs.ro\/?page_id=1255"},"modified":"2026-01-31T12:15:23","modified_gmt":"2026-01-31T12:15:23","slug":"arhive-preluate","status":"publish","type":"page","link":"https:\/\/indocs.ro\/?page_id=1255","title":{"rendered":"ARHIVE PRELUATE"},"content":{"rendered":"<p><strong>ARHIVE AFLATE \u00ceN P\u0102STRAREA NOASTR\u0102 LEGAL\u0102*:<\/strong><\/p>\n<p><strong>(* arhive ale unor societ\u0103\u021bi comerciale radiate, depozitate la noi, \u00een starea \u0219i cuprinsul in care ne-au fost predate)<\/strong><\/p>\n<ol>\n<li style=\"text-align: left;\">COREVAS S.A. Vaslui<\/li>\n<li style=\"text-align: left;\">TERMOSERV S.A. T\u00e2rgu Frumos<\/li>\n<li style=\"text-align: left;\">TRADUCTOARE S.R.L. Pa\u0219cani<\/li>\n<li style=\"text-align: left;\">MOLDOVA CRISTE\u0218TI S.R.L.<\/li>\n<li style=\"text-align: left;\">CENIA STIL S.R.L. Ia\u0219i<\/li>\n<li style=\"text-align: left;\">EYE CARE S.R.L. Ia\u0219i<\/li>\n<li style=\"text-align: left;\">SALES EXPERT S.R.L. Ia\u0219i<\/li>\n<li style=\"text-align: left;\">PETROMOLD S.R.L. B\u00e2rlad<\/li>\n<li style=\"text-align: left;\">EUROPROD S.R.L. Tecuci<\/li>\n<li style=\"text-align: left;\">OPINIA STUDEN\u021aEASC\u0102 S.R.L. Ia\u0219i<\/li>\n<li style=\"text-align: left;\">MEGADETH IMPEX S.R.L. B\u00e2rlad<\/li>\n<li style=\"text-align: left;\">EL CORAD S.R.L. Ia\u0219i<\/li>\n<li style=\"text-align: left;\">BERCOM IMPEX S.R.L. Ia\u0219i<\/li>\n<li style=\"text-align: left;\">TEO VET S.R.L. Ia\u0219i<\/li>\n<li style=\"text-align: left;\">BIZ PRO TEHNOLOGIES S.R.L. Ia\u0219i<\/li>\n<li style=\"text-align: left;\">AMI\u2019S BUSINESS CONSTRUCTII R.L. Ia\u0219i<\/li>\n<li style=\"text-align: left;\">TOT GSM COMUNICATION S.R.L. Ia\u0219i<\/li>\n<li style=\"text-align: left;\">PRINT MULTICOLOR S.R.L. Ia\u0219i<\/li>\n<li style=\"text-align: left;\">MULTIPRINT S.R.L. Ia\u0219i<\/li>\n<li style=\"text-align: left;\">AMUR COMPANY S.R.L. Ia\u0219i<\/li>\n<li style=\"text-align: left;\">AMUR GRUP S.A. Ia\u0219i<\/li>\n<li style=\"text-align: left;\">EDAG ENGINEERING S.R.L. Ia\u0219i<\/li>\n<li style=\"text-align: left;\">MOBILSTAR S.R.L. Ia\u0219i<\/li>\n<li style=\"text-align: left;\">MEDIFARM S.R.L. Ia\u0219i<\/li>\n<li style=\"text-align: left;\">IMPEX AMICII IMPEX R.L. Ia\u0219i<\/li>\n<li style=\"text-align: left;\">HIDROTECH S.R.L. Ia\u0219i<\/li>\n<li style=\"text-align: left;\">TOTAL IMOBILIARE S.R.L. Ia\u0219i<\/li>\n<li style=\"text-align: left;\">YALGINKAYA S.R.L. Ia\u0219i<\/li>\n<li style=\"text-align: left;\">CENTRAL JUICE S.R.L. Ia\u0219i<\/li>\n<\/ol>\n<p><strong>PARTENERI<\/strong><\/p>\n<ol>\n<li style=\"text-align: left;\">B.E.J.A. Andrei Cezar &amp; Ionela Nechifor<\/li>\n<li style=\"text-align: left;\">B.E.J. Gabriel Birca<\/li>\n<li style=\"text-align: left;\">B.E.J.A. Cristian Lupu si Andreea Darie<\/li>\n<li style=\"text-align: left;\">B.E.J.A. Ciprian Sirbu si Diana Vezeteu<\/li>\n<li style=\"text-align: left;\">Smart On S.R.L.<\/li>\n<li style=\"text-align: left;\">D.S.M. S.R.L.<\/li>\n<li style=\"text-align: left;\">PIN GSM S.R.L.<\/li>\n<li style=\"text-align: left;\">PROFICONT S.R.L.<\/li>\n<li style=\"text-align: left;\">ALBA OPTICAL S.R.L.<\/li>\n<li style=\"text-align: left;\">COLEGIUL MEDICILOR IASI<\/li>\n<li style=\"text-align: left;\">Agen\u021bia pentru \u00centreprinderi Mici \u0219i Mijlocii, Atragere de Investi\u021bii \u0219i Promovarea Exportului Ia\u0219i<\/li>\n<\/ol>\n","protected":false},"excerpt":{"rendered":"<p>ARHIVE AFLATE \u00ceN P\u0102STRAREA NOASTR\u0102 LEGAL\u0102*: (* arhive ale unor societ\u0103\u021bi comerciale radiate, depozitate la noi, \u00een starea \u0219i cuprinsul in care ne-au fost predate) COREVAS S.A. Vaslui TERMOSERV S.A. T\u00e2rgu Frumos TRADUCTOARE S.R.L. Pa\u0219cani MOLDOVA CRISTE\u0218TI S.R.L. CENIA STIL S.R.L. Ia\u0219i EYE CARE S.R.L. Ia\u0219i SALES EXPERT S.R.L. Ia\u0219i PETROMOLD S.R.L. B\u00e2rlad EUROPROD S.R.L. [&hellip;]<\/p>\n","protected":false},"author":2,"featured_media":1265,"parent":0,"menu_order":0,"comment_status":"closed","ping_status":"closed","template":"page-full-width.php","meta":{"footnotes":""},"class_list":["post-1255","page","type-page","status-publish","has-post-thumbnail","hentry"],"_links":{"self":[{"href":"https:\/\/indocs.ro\/index.php?rest_route=\/wp\/v2\/pages\/1255","targetHints":{"allow":["GET"]}}],"collection":[{"href":"https:\/\/indocs.ro\/index.php?rest_route=\/wp\/v2\/pages"}],"about":[{"href":"https:\/\/indocs.ro\/index.php?rest_route=\/wp\/v2\/types\/page"}],"author":[{"embeddable":true,"href":"https:\/\/indocs.ro\/index.php?rest_route=\/wp\/v2\/users\/2"}],"replies":[{"embeddable":true,"href":"https:\/\/indocs.ro\/index.php?rest_route=%2Fwp%2Fv2%2Fcomments&post=1255"}],"version-history":[{"count":6,"href":"https:\/\/indocs.ro\/index.php?rest_route=\/wp\/v2\/pages\/1255\/revisions"}],"predecessor-version":[{"id":1327,"href":"https:\/\/indocs.ro\/index.php?rest_route=\/wp\/v2\/pages\/1255\/revisions\/1327"}],"wp:featuredmedia":[{"embeddable":true,"href":"https:\/\/indocs.ro\/index.php?rest_route=\/wp\/v2\/media\/1265"}],"wp:attachment":[{"href":"https:\/\/indocs.ro\/index.php?rest_route=%2Fwp%2Fv2%2Fmedia&parent=1255"}],"curies":[{"name":"wp","href":"https:\/\/api.w.org\/{rel}","templated":true}]}}